{"id":46,"date":"2020-05-19T01:17:56","date_gmt":"2020-05-19T06:17:56","guid":{"rendered":"http:\/\/tekman.mx\/index.php\/home\/"},"modified":"2020-05-27T14:53:04","modified_gmt":"2020-05-27T19:53:04","slug":"inicio","status":"publish","type":"page","link":"https:\/\/tekman.mx\/","title":{"rendered":"Inicio"},"content":{"rendered":"<div class=\"flex_column av_one_half  flex_column_div av-zero-column-padding first  avia-builder-el-0  el_before_av_one_half  avia-builder-el-first  \" style='border-radius:0px; '><p><div style='padding-bottom:10px; ' class='av-special-heading av-special-heading-h1  blockquote modern-quote  avia-builder-el-1  el_before_av_textblock  avia-builder-el-first   '><h1 class='av-special-heading-tag '  itemprop=\"headline\"  >\u00bfQuienes somos?<\/h1><div class='special-heading-border'><div class='special-heading-inner-border' ><\/div><\/div><\/div><br \/>\n<section class=\"av_textblock_section \"  itemscope=\"itemscope\" itemtype=\"https:\/\/schema.org\/CreativeWork\" ><div class='avia_textblock  '   itemprop=\"text\" ><p>Somos un grupo de profesionales con experiencia en\u00a0Capital Humano<\/p>\n<h3><span style=\"color: #000080;\">Nuestro Objetivo<\/span><\/h3>\n<p>Tomar como propias las obligaciones y responsabilidades de nuestro cliente, para que oriente sus esfuerzos a actividades rentables<\/p>\n<h3><span style=\"color: #000080;\">\u00bfPorqu\u00e9 elegirnos?<\/span><\/h3>\n<ul>\n<li>Garantizamos precisi\u00f3n en nuestros c\u00e1lculos y puntualidad en los pagos, as\u00ed como la seguridad de tu informaci\u00f3n y confidencialidad absoluta<\/li>\n<li>Contamos con personal altamente capacitado para la prestaci\u00f3n de nuestros servicios<\/li>\n<li>Somos una empresa con m\u00e1s de 12 a\u00f1os en el mercado<\/li>\n<li>Tenemos auditorias anuales de las diferentes instituciones gubernamentales, las cuales garantizan a nuestros clientes el correcto manejo de su n\u00f3mina y personal<\/li>\n<li>Ponemos a disposici\u00f3n de nuestros clientes los pagos de impuestos y declaraciones anuales de nuestra empresa<\/li>\n<li>Reclutamos personal para cualquier giro empresarial<\/li>\n<\/ul>\n<\/div><\/section><br \/>\n<div class='avia-button-wrap avia-button-right  avia-builder-el-3  el_after_av_textblock  avia-builder-el-last  '><a href='http:\/\/tekman.mx\/index.php\/servicios\/'  class='avia-button   avia-icon_select-no avia-color-theme-color avia-size-small avia-position-right '   ><span class='avia_iconbox_title' >Servicios<\/span><\/a><\/div><\/p><\/div><div class=\"flex_column av_one_half  flex_column_div av-zero-column-padding   avia-builder-el-4  el_after_av_one_half  avia-builder-el-last  \" style='border-radius:0px; '><div class='avia-image-container avia_animated_image avia_animate_when_almost_visible fade-in av-styling- av-hover-grow   avia-builder-el-5  avia-builder-el-no-sibling   avia-align-center '  itemprop=\"image\" itemscope=\"itemscope\" itemtype=\"https:\/\/schema.org\/ImageObject\"  ><div class='avia-image-container-inner'><div class='avia-image-overlay-wrap'><img class='avia_image' src='https:\/\/tekman.mx\/wp-content\/uploads\/2020\/05\/businessman-3105871_1920-495x400.jpg' alt='' title='businessman-3105871_1920' height=\"400\" width=\"495\"  itemprop=\"thumbnailUrl\"  \/><\/div><\/div><\/div><\/div><\/p>\n","protected":false},"excerpt":{"rendered":"","protected":false},"author":1,"featured_media":40,"parent":0,"menu_order":0,"comment_status":"closed","ping_status":"closed","template":"","meta":{"footnotes":""},"class_list":["post-46","page","type-page","status-publish","has-post-thumbnail","hentry"],"_links":{"self":[{"href":"https:\/\/tekman.mx\/index.php\/wp-json\/wp\/v2\/pages\/46","targetHints":{"allow":["GET"]}}],"collection":[{"href":"https:\/\/tekman.mx\/index.php\/wp-json\/wp\/v2\/pages"}],"about":[{"href":"https:\/\/tekman.mx\/index.php\/wp-json\/wp\/v2\/types\/page"}],"author":[{"embeddable":true,"href":"https:\/\/tekman.mx\/index.php\/wp-json\/wp\/v2\/users\/1"}],"replies":[{"embeddable":true,"href":"https:\/\/tekman.mx\/index.php\/wp-json\/wp\/v2\/comments?post=46"}],"version-history":[{"count":19,"href":"https:\/\/tekman.mx\/index.php\/wp-json\/wp\/v2\/pages\/46\/revisions"}],"predecessor-version":[{"id":188,"href":"https:\/\/tekman.mx\/index.php\/wp-json\/wp\/v2\/pages\/46\/revisions\/188"}],"wp:featuredmedia":[{"embeddable":true,"href":"https:\/\/tekman.mx\/index.php\/wp-json\/wp\/v2\/media\/40"}],"wp:attachment":[{"href":"https:\/\/tekman.mx\/index.php\/wp-json\/wp\/v2\/media?parent=46"}],"curies":[{"name":"wp","href":"https:\/\/api.w.org\/{rel}","templated":true}]}}