{"id":193,"date":"2020-05-28T11:29:14","date_gmt":"2020-05-28T16:29:14","guid":{"rendered":"http:\/\/tekman.mx\/?page_id=193"},"modified":"2020-05-28T11:51:51","modified_gmt":"2020-05-28T16:51:51","slug":"servicio-de-gestion-administracion-y-asesoria-siroc","status":"publish","type":"page","link":"https:\/\/tekman.mx\/index.php\/servicios\/servicio-de-gestion-administracion-y-asesoria-siroc\/","title":{"rendered":"Servicio de gesti\u00f3n, administraci\u00f3n y asesor\u00eda SIROC"},"content":{"rendered":"<div class=\"flex_column av_one_half  flex_column_div av-zero-column-padding first  avia-builder-el-0  el_before_av_one_half  avia-builder-el-first  \" style='border-radius:0px; '><p><div style='padding-bottom:10px; ' class='av-special-heading av-special-heading-h3  blockquote modern-quote modern-centered  avia-builder-el-1  el_before_av_textblock  avia-builder-el-first   '><h3 class='av-special-heading-tag '  itemprop=\"headline\"  >SERVICIO DE GESTION, ADMINISTRACION Y ASESORIA SIROC<\/h3><div class ='av-subheading av-subheading_below  ' style='font-size:15px;'><p>Nuestro personal calificado, realiza un an\u00e1lisis de la obra y determinan los valores m\u00e1s precisos de los tr\u00e1mites SIROC,\u00a0 buscando minimizar estimativas en los cierres de obra, evaluamos\u00a0 la informaci\u00f3n, pagos realizados, las fases subcontratadas, planeamos soluciones, realizamos la auditor\u00eda de pagos generados en el SUA, detectamos las inconsistencias derivadas de los movimientos afiliatorios, entre muchos otros beneficios.\u00a0<\/p>\n<\/div><div class='special-heading-border'><div class='special-heading-inner-border' ><\/div><\/div><\/div><br \/>\n<section class=\"av_textblock_section \"  itemscope=\"itemscope\" itemtype=\"https:\/\/schema.org\/CreativeWork\" ><div class='avia_textblock  '   itemprop=\"text\" ><p><b>Nuestra propuesta de valor<\/b><\/p>\n<ul>\n<li>Procesos correctivos y de registro<\/li>\n<li>Suspensi\u00f3n y actualizaci\u00f3n<\/li>\n<li>Cancelaci\u00f3n y terminaci\u00f3n<\/li>\n<li>Reducci\u00f3n de cargas administrativas<\/li>\n<li>Asesor\u00eda durante la ejecuci\u00f3n<\/li>\n<li>Administraci\u00f3n integral del proceso SIROC<\/li>\n<li>Proyecci\u00f3n anticipada de cuotas<\/li>\n<li>Supervisi\u00f3n de subcontratistas y obligaciones<\/li>\n<li>Tramitaci\u00f3n y asesor\u00eda para el cierre de obra o correcci\u00f3n patronal ante el IMSS<\/li>\n<\/ul>\n<\/div><\/section><br \/>\n<div class='avia-button-wrap avia-button-right  avia-builder-el-3  el_after_av_textblock  avia-builder-el-last  '><a href='https:\/\/tekman.mx\/index.php\/servicios\/'  class='avia-button   avia-icon_select-no avia-color-theme-color avia-size-small avia-position-right '   ><span class='avia_iconbox_title' >Regresar<\/span><\/a><\/div><\/p><\/div><div class=\"flex_column av_one_half  flex_column_div av-zero-column-padding   avia-builder-el-4  el_after_av_one_half  avia-builder-el-last  \" style='border-radius:0px; '><div class='avia-image-container avia_animated_image avia_animate_when_almost_visible right-to-left av-styling- av-hover-grow   avia-builder-el-5  avia-builder-el-no-sibling   avia-align-center '  itemprop=\"image\" itemscope=\"itemscope\" itemtype=\"https:\/\/schema.org\/ImageObject\"  ><div class='avia-image-container-inner'><div class='avia-image-overlay-wrap'><img class='avia_image' src='https:\/\/tekman.mx\/wp-content\/uploads\/2020\/05\/17026-copia-495x400.jpg' alt='' title='Checking data on laptop' height=\"400\" width=\"495\"  itemprop=\"thumbnailUrl\"  \/><\/div><\/div><\/div><\/div><\/p>\n","protected":false},"excerpt":{"rendered":"","protected":false},"author":1,"featured_media":0,"parent":13,"menu_order":0,"comment_status":"closed","ping_status":"closed","template":"","meta":{"footnotes":""},"class_list":["post-193","page","type-page","status-publish","hentry"],"_links":{"self":[{"href":"https:\/\/tekman.mx\/index.php\/wp-json\/wp\/v2\/pages\/193","targetHints":{"allow":["GET"]}}],"collection":[{"href":"https:\/\/tekman.mx\/index.php\/wp-json\/wp\/v2\/pages"}],"about":[{"href":"https:\/\/tekman.mx\/index.php\/wp-json\/wp\/v2\/types\/page"}],"author":[{"embeddable":true,"href":"https:\/\/tekman.mx\/index.php\/wp-json\/wp\/v2\/users\/1"}],"replies":[{"embeddable":true,"href":"https:\/\/tekman.mx\/index.php\/wp-json\/wp\/v2\/comments?post=193"}],"version-history":[{"count":4,"href":"https:\/\/tekman.mx\/index.php\/wp-json\/wp\/v2\/pages\/193\/revisions"}],"predecessor-version":[{"id":200,"href":"https:\/\/tekman.mx\/index.php\/wp-json\/wp\/v2\/pages\/193\/revisions\/200"}],"up":[{"embeddable":true,"href":"https:\/\/tekman.mx\/index.php\/wp-json\/wp\/v2\/pages\/13"}],"wp:attachment":[{"href":"https:\/\/tekman.mx\/index.php\/wp-json\/wp\/v2\/media?parent=193"}],"curies":[{"name":"wp","href":"https:\/\/api.w.org\/{rel}","templated":true}]}}