{"id":139,"date":"2020-05-25T19:03:50","date_gmt":"2020-05-26T00:03:50","guid":{"rendered":"http:\/\/tekman.mx\/?page_id=139"},"modified":"2020-05-27T12:55:26","modified_gmt":"2020-05-27T17:55:26","slug":"maquila-de-nomina","status":"publish","type":"page","link":"https:\/\/tekman.mx\/index.php\/servicios\/maquila-de-nomina\/","title":{"rendered":"Maquila de n\u00f3mina"},"content":{"rendered":"<div class=\"flex_column av_one_half  flex_column_div av-zero-column-padding first  avia-builder-el-0  el_before_av_one_half  avia-builder-el-first  \" style='border-radius:0px; '><p><div style='padding-bottom:10px; ' class='av-special-heading av-special-heading-h2  blockquote modern-quote modern-centered  avia-builder-el-1  el_before_av_textblock  avia-builder-el-first   '><h2 class='av-special-heading-tag '  itemprop=\"headline\"  >Maquila de n\u00f3mina<\/h2><div class='special-heading-border'><div class='special-heading-inner-border' ><\/div><\/div><\/div><br \/>\n<section class=\"av_textblock_section \"  itemscope=\"itemscope\" itemtype=\"https:\/\/schema.org\/CreativeWork\" ><div class='avia_textblock  '   itemprop=\"text\" ><p>Es un servicio externo que consiste en delegar a un tercero la elaboraci\u00f3n y timbrado de n\u00f3mina as\u00ed como el c\u00e1lculo de impuestos derivados de esta.<\/p>\n<p>En este esquema los empleados siguen siendo parte de la n\u00f3mina de los clientes y TEKMAN solo hace los c\u00e1lculos de n\u00f3minas e impuestos para que el cliente se dedique a elevar la productividad de su negocio.<\/p>\n<p><b>\u00bf<\/b><b>Qu\u00e9<\/b> <b>beneficios<\/b> <b>tiene<\/b><b> el <\/b><b>servicio<\/b><b> de <\/b><b>maquila<\/b><b> de <\/b><b>n\u00f3mina<\/b><b>?<\/b><\/p>\n<ul>\n<li>Elimina cargas administrativas permitiendo a tu organizaci\u00f3n enfocar sus esfuerzos<\/li>\n<li>Evita riesgos en el cumplimiento de obligaciones fiscales<\/li>\n<li>Seguridad en el tiempo y forma de los pagos a su personal<\/li>\n<li>Factura deducible al 100%<\/li>\n<li>Personal capacitado y actualizado constantemente<\/li>\n<li>Garantizamos costos bajos y competitivos<\/li>\n<li>Atenci\u00f3n personalizada mediante la asignaci\u00f3n de un ejecutivo que atender\u00e1 todos los requerimientos<\/li>\n<li>Servicio flexible y adecuado a las necesidades del cliente<\/li>\n<\/ul>\n<\/div><\/section><br \/>\n<div class='avia-button-wrap avia-button-right  avia-builder-el-3  el_after_av_textblock  avia-builder-el-last  '><a href='http:\/\/tekman.mx\/index.php\/servicios\/'  class='avia-button   avia-icon_select-no avia-color-theme-color avia-size-small avia-position-right '   ><span class='avia_iconbox_title' >Regresar<\/span><\/a><\/div><\/p><\/div>\n<div class=\"flex_column av_one_half  flex_column_div av-zero-column-padding   avia-builder-el-4  el_after_av_one_half  avia-builder-el-last  \" style='border-radius:0px; '><div class='avia-image-container avia_animated_image avia_animate_when_almost_visible right-to-left av-styling- av-hover-grow   avia-builder-el-5  avia-builder-el-no-sibling   avia-align-center '  itemprop=\"image\" itemscope=\"itemscope\" itemtype=\"https:\/\/schema.org\/ImageObject\"  ><div class='avia-image-container-inner'><div class='avia-image-overlay-wrap'><img class='avia_image' src='https:\/\/tekman.mx\/wp-content\/uploads\/2020\/05\/office-1209640_1920-1-495x400.jpg' alt='' title='office-1209640_1920' height=\"400\" width=\"495\"  itemprop=\"thumbnailUrl\"  \/><\/div><\/div><\/div><\/div>\n","protected":false},"excerpt":{"rendered":"","protected":false},"author":1,"featured_media":0,"parent":13,"menu_order":0,"comment_status":"closed","ping_status":"closed","template":"","meta":{"footnotes":""},"class_list":["post-139","page","type-page","status-publish","hentry"],"_links":{"self":[{"href":"https:\/\/tekman.mx\/index.php\/wp-json\/wp\/v2\/pages\/139","targetHints":{"allow":["GET"]}}],"collection":[{"href":"https:\/\/tekman.mx\/index.php\/wp-json\/wp\/v2\/pages"}],"about":[{"href":"https:\/\/tekman.mx\/index.php\/wp-json\/wp\/v2\/types\/page"}],"author":[{"embeddable":true,"href":"https:\/\/tekman.mx\/index.php\/wp-json\/wp\/v2\/users\/1"}],"replies":[{"embeddable":true,"href":"https:\/\/tekman.mx\/index.php\/wp-json\/wp\/v2\/comments?post=139"}],"version-history":[{"count":2,"href":"https:\/\/tekman.mx\/index.php\/wp-json\/wp\/v2\/pages\/139\/revisions"}],"predecessor-version":[{"id":175,"href":"https:\/\/tekman.mx\/index.php\/wp-json\/wp\/v2\/pages\/139\/revisions\/175"}],"up":[{"embeddable":true,"href":"https:\/\/tekman.mx\/index.php\/wp-json\/wp\/v2\/pages\/13"}],"wp:attachment":[{"href":"https:\/\/tekman.mx\/index.php\/wp-json\/wp\/v2\/media?parent=139"}],"curies":[{"name":"wp","href":"https:\/\/api.w.org\/{rel}","templated":true}]}}